{"id":294,"date":"2021-12-08T18:41:09","date_gmt":"2021-12-08T18:41:09","guid":{"rendered":"https:\/\/3s-siderurgia.com\/?page_id=294"},"modified":"2025-12-18T02:21:08","modified_gmt":"2025-12-18T02:21:08","slug":"sobre-nosotros","status":"publish","type":"page","link":"https:\/\/3s-siderurgia.com\/fr\/sobre-nosotros\/","title":{"rendered":"\u00c0 propos de nous"},"content":{"rendered":"<div data-elementor-type=\"wp-page\" data-elementor-id=\"294\" class=\"elementor elementor-294\">\n\t\t\t\t\t\t\t\t\t<section class=\"elementor-section elementor-top-section elementor-element elementor-element-29990cbd elementor-section-boxed elementor-section-height-default elementor-section-height-default\" data-id=\"29990cbd\" data-element_type=\"section\" data-settings=\"{&quot;background_background&quot;:&quot;classic&quot;}\">\n\t\t\t\t\t\t\t<div class=\"elementor-background-overlay\"><\/div>\n\t\t\t\t\t\t\t<div class=\"elementor-container elementor-column-gap-default\">\n\t\t\t\t\t<div class=\"elementor-column elementor-col-100 elementor-top-column elementor-element elementor-element-76abd7d6\" data-id=\"76abd7d6\" data-element_type=\"column\">\n\t\t\t<div class=\"elementor-widget-wrap elementor-element-populated\">\n\t\t\t\t\t\t\t\t<div class=\"elementor-element elementor-element-6d9c59c6 elementor-widget elementor-widget-heading\" data-id=\"6d9c59c6\" data-element_type=\"widget\" data-widget_type=\"heading.default\">\n\t\t\t\t<div class=\"elementor-widget-container\">\n\t\t\t<style>\/*! elementor - v3.16.0 - 14-09-2023 *\/\n.elementor-heading-title{padding:0;margin:0;line-height:1}.elementor-widget-heading .elementor-heading-title[class*=elementor-size-]>a{color:inherit;font-size:inherit;line-height:inherit}.elementor-widget-heading .elementor-heading-title.elementor-size-small{font-size:15px}.elementor-widget-heading .elementor-heading-title.elementor-size-medium{font-size:19px}.elementor-widget-heading .elementor-heading-title.elementor-size-large{font-size:29px}.elementor-widget-heading .elementor-heading-title.elementor-size-xl{font-size:39px}.elementor-widget-heading .elementor-heading-title.elementor-size-xxl{font-size:59px}<\/style><h2 class=\"elementor-heading-title elementor-size-default\">\u00c0 propos de nous<\/h2>\t\t<\/div>\n\t\t\t\t<\/div>\n\t\t\t\t\t<\/div>\n\t\t<\/div>\n\t\t\t\t\t\t\t<\/div>\n\t\t<\/section>\n\t\t\t\t<section class=\"elementor-section elementor-top-section elementor-element elementor-element-27e27af7 elementor-section-boxed elementor-section-height-default elementor-section-height-default\" data-id=\"27e27af7\" data-element_type=\"section\" data-settings=\"{&quot;background_background&quot;:&quot;classic&quot;}\">\n\t\t\t\t\t\t\t<div class=\"elementor-background-overlay\"><\/div>\n\t\t\t\t\t\t\t<div class=\"elementor-container elementor-column-gap-default\">\n\t\t\t\t\t<div class=\"elementor-column elementor-col-50 elementor-top-column elementor-element elementor-element-56e3641c\" data-id=\"56e3641c\" data-element_type=\"column\">\n\t\t\t<div class=\"elementor-widget-wrap elementor-element-populated\">\n\t\t\t\t\t\t\t\t<div class=\"elementor-element elementor-element-464b9b3e elementor-absolute elementor-hidden-tablet elementor-hidden-phone elementor-widget-mobile__width-initial elementor-widget elementor-widget-image\" data-id=\"464b9b3e\" data-element_type=\"widget\" data-settings=\"{&quot;_position&quot;:&quot;absolute&quot;}\" data-widget_type=\"image.default\">\n\t\t\t\t<div class=\"elementor-widget-container\">\n\t\t\t<style>\/*! elementor - v3.16.0 - 14-09-2023 *\/\n.elementor-widget-image{text-align:center}.elementor-widget-image a{display:inline-block}.elementor-widget-image a img[src$=\".svg\"]{width:48px}.elementor-widget-image img{vertical-align:middle;display:inline-block}<\/style>\t\t\t\t\t\t\t\t\t\t\t\t<img decoding=\"async\" src=\"https:\/\/3s-siderurgia.com\/wp-content\/uploads\/elementor\/thumbs\/3S-Siderurgia-27-pjvg0o5h4xmhm0o01za29enbrt6haprzawmmc3oj0g.jpg\" title=\"3S Siderurgia -27\" alt=\"3S Siderurgia -27\" loading=\"lazy\" \/>\t\t\t\t\t\t\t\t\t\t\t\t\t\t\t<\/div>\n\t\t\t\t<\/div>\n\t\t\t\t\t<\/div>\n\t\t<\/div>\n\t\t\t\t<div class=\"elementor-column elementor-col-50 elementor-top-column elementor-element elementor-element-47ca7741\" data-id=\"47ca7741\" data-element_type=\"column\">\n\t\t\t<div class=\"elementor-widget-wrap elementor-element-populated\">\n\t\t\t\t\t\t\t\t<div class=\"elementor-element elementor-element-7e3a1bc5 elementor-widget elementor-widget-jkit_heading\" data-id=\"7e3a1bc5\" data-element_type=\"widget\" data-widget_type=\"jkit_heading.default\">\n\t\t\t\t<div class=\"elementor-widget-container\">\n\t\t\t<div  class=\"jeg-elementor-kit jkit-heading  align-left align-tablet- align-mobile- jeg_module___69e1fbe501631\" ><div class=\"heading-section-title  display-inline-block\"><h2 class=\"heading-title\">Dirig\u00e9 par des professionnels avec plus de 30 ans d'exp\u00e9rience dans le secteur du fer et de l'acier<\/h2><\/div><\/div>\t\t<\/div>\n\t\t\t\t<\/div>\n\t\t\t\t<div class=\"elementor-element elementor-element-5e28f34c elementor-widget elementor-widget-text-editor\" data-id=\"5e28f34c\" data-element_type=\"widget\" data-widget_type=\"text-editor.default\">\n\t\t\t\t<div class=\"elementor-widget-container\">\n\t\t\t<style>\/*! elementor - v3.16.0 - 14-09-2023 *\/\n.elementor-widget-text-editor.elementor-drop-cap-view-stacked .elementor-drop-cap{background-color:#69727d;color:#fff}.elementor-widget-text-editor.elementor-drop-cap-view-framed .elementor-drop-cap{color:#69727d;border:3px solid;background-color:transparent}.elementor-widget-text-editor:not(.elementor-drop-cap-view-default) .elementor-drop-cap{margin-top:8px}.elementor-widget-text-editor:not(.elementor-drop-cap-view-default) .elementor-drop-cap-letter{width:1em;height:1em}.elementor-widget-text-editor .elementor-drop-cap{float:left;text-align:center;line-height:1;font-size:50px}.elementor-widget-text-editor .elementor-drop-cap-letter{display:inline-block}<\/style>\t\t\t\t<p><span style=\"font-weight: 400;\">Sp\u00e9cialis\u00e9e dans la Fabrication et la Commercialisation de Produits pour la Sid\u00e9rurgie et la Fonderie.<\/span><\/p><p><span style=\"font-weight: 400;\">Depuis le d\u00e9but de l'activit\u00e9 3S, elle maintient des principes qui sont maintenus et encourag\u00e9s avec un syst\u00e8me de gestion qui favorise la r\u00e9alisation des objectifs de gestion de la qualit\u00e9, de gestion de l'environnement, de pr\u00e9vention des risques professionnels, de s\u00e9curit\u00e9 de l'information, de respect et de soutien \u00e0 la soci\u00e9t\u00e9. .<\/span><\/p><p><span style=\"font-weight: 400;\">\u00c0 la suite de ce qui pr\u00e9c\u00e8de, l'entreprise a d\u00e9cid\u00e9 de certifier ses syst\u00e8mes de gestion en 2014 conform\u00e9ment \u00e0 la norme UNE EN ISO 9001 et en 2017 conform\u00e9ment \u00e0 la norme UNE EN 14001.<\/span><\/p><p>Nous favorisons l'\u00e9conomie d'\u00e9nergie de nos clients avec notre traitement antioxydant \u00e0 l'\u00e9lectrode de graphite<span style=\"font-weight: 400;\"><br \/><\/span><\/p>\t\t\t\t\t\t<\/div>\n\t\t\t\t<\/div>\n\t\t\t\t\t<\/div>\n\t\t<\/div>\n\t\t\t\t\t\t\t<\/div>\n\t\t<\/section>\n\t\t\t\t<section class=\"elementor-section elementor-top-section elementor-element elementor-element-7ebc2423 elementor-reverse-tablet elementor-reverse-mobile elementor-section-boxed elementor-section-height-default elementor-section-height-default\" data-id=\"7ebc2423\" data-element_type=\"section\" id=\"gestion\">\n\t\t\t\t\t\t<div class=\"elementor-container elementor-column-gap-default\">\n\t\t\t\t\t<div class=\"elementor-column elementor-col-33 elementor-top-column elementor-element elementor-element-07d2121\" data-id=\"07d2121\" data-element_type=\"column\">\n\t\t\t<div class=\"elementor-widget-wrap\">\n\t\t\t\t\t\t\t\t\t<\/div>\n\t\t<\/div>\n\t\t\t\t<div class=\"elementor-column elementor-col-33 elementor-top-column elementor-element elementor-element-37c4fb2f\" data-id=\"37c4fb2f\" data-element_type=\"column\">\n\t\t\t<div class=\"elementor-widget-wrap elementor-element-populated\">\n\t\t\t\t\t\t\t\t<div class=\"elementor-element elementor-element-384c7f04 elementor-widget elementor-widget-jkit_heading\" data-id=\"384c7f04\" data-element_type=\"widget\" data-widget_type=\"jkit_heading.default\">\n\t\t\t\t<div class=\"elementor-widget-container\">\n\t\t\t<div  class=\"jeg-elementor-kit jkit-heading  align-left align-tablet- align-mobile- jeg_module__1_69e1fbe50382b\" ><div class=\"heading-section-title  display-inline-block\"><h2 class=\"heading-title\">POLITIQUE DE GESTION<\/h2><\/div><\/div>\t\t<\/div>\n\t\t\t\t<\/div>\n\t\t\t\t<div class=\"elementor-element elementor-element-021a85a elementor-widget elementor-widget-text-editor\" data-id=\"021a85a\" data-element_type=\"widget\" data-widget_type=\"text-editor.default\">\n\t\t\t\t<div class=\"elementor-widget-container\">\n\t\t\t\t\t\t\t<p>Chez 3S, une m\u00e9thodologie de travail est d\u00e9velopp\u00e9e qui se caract\u00e9rise et se distingue par l'utilisation de fournitures de premi\u00e8re qualit\u00e9.<\/p><p>3S reconna\u00eet et assume la QUALIT\u00c9 et la SATISFACTION DU CLIENT comme supports fondamentaux de sa Politique de Gestion et \u00e9tablit les principes g\u00e9n\u00e9raux suivants\u00a0:<\/p>\t\t\t\t\t\t<\/div>\n\t\t\t\t<\/div>\n\t\t\t\t<div class=\"elementor-element elementor-element-6810344 elementor-widget elementor-widget-button\" data-id=\"6810344\" data-element_type=\"widget\" data-widget_type=\"button.default\">\n\t\t\t\t<div class=\"elementor-widget-container\">\n\t\t\t\t\t<div class=\"elementor-button-wrapper\">\n\t\t\t<a class=\"elementor-button elementor-button-link elementor-size-sm\" href=\"https:\/\/3s-siderurgia.com\/wp-content\/uploads\/2023\/03\/2-POLITICA-DE-CALIDAD-ed-5.pdf\">\n\t\t\t\t\t\t<span class=\"elementor-button-content-wrapper\">\n\t\t\t\t\t\t<span class=\"elementor-button-text\">Voir la politique compl\u00e8te<\/span>\n\t\t<\/span>\n\t\t\t\t\t<\/a>\n\t\t<\/div>\n\t\t\t\t<\/div>\n\t\t\t\t<\/div>\n\t\t\t\t\t<\/div>\n\t\t<\/div>\n\t\t\t\t<div class=\"elementor-column elementor-col-33 elementor-top-column elementor-element elementor-element-a1e7a1c\" data-id=\"a1e7a1c\" data-element_type=\"column\">\n\t\t\t<div class=\"elementor-widget-wrap\">\n\t\t\t\t\t\t\t\t\t<\/div>\n\t\t<\/div>\n\t\t\t\t\t\t\t<\/div>\n\t\t<\/section>\n\t\t\t\t<section class=\"elementor-section elementor-top-section elementor-element elementor-element-8e81ca4 elementor-reverse-tablet elementor-reverse-mobile elementor-section-boxed elementor-section-height-default elementor-section-height-default\" data-id=\"8e81ca4\" data-element_type=\"section\">\n\t\t\t\t\t\t<div class=\"elementor-container elementor-column-gap-default\">\n\t\t\t\t\t<div class=\"elementor-column elementor-col-33 elementor-top-column elementor-element elementor-element-bf18e47\" data-id=\"bf18e47\" data-element_type=\"column\">\n\t\t\t<div class=\"elementor-widget-wrap\">\n\t\t\t\t\t\t\t\t\t<\/div>\n\t\t<\/div>\n\t\t\t\t<div class=\"elementor-column elementor-col-33 elementor-top-column elementor-element elementor-element-2a234a3\" data-id=\"2a234a3\" data-element_type=\"column\">\n\t\t\t<div class=\"elementor-widget-wrap elementor-element-populated\">\n\t\t\t\t\t\t\t\t<div class=\"elementor-element elementor-element-5205418 elementor-widget elementor-widget-jkit_heading\" data-id=\"5205418\" data-element_type=\"widget\" data-widget_type=\"jkit_heading.default\">\n\t\t\t\t<div class=\"elementor-widget-container\">\n\t\t\t<div  class=\"jeg-elementor-kit jkit-heading  align-left align-tablet- align-mobile- jeg_module__2_69e1fbe5064cd\" ><div class=\"heading-section-title  display-inline-block\"><h2 class=\"heading-title\">GESTION DE L'ENVIRONNEMENT<\/h2><\/div><\/div>\t\t<\/div>\n\t\t\t\t<\/div>\n\t\t\t\t<div class=\"elementor-element elementor-element-b074699 elementor-widget elementor-widget-text-editor\" data-id=\"b074699\" data-element_type=\"widget\" data-widget_type=\"text-editor.default\">\n\t\t\t\t<div class=\"elementor-widget-container\">\n\t\t\t\t\t\t\t<p class=\" translation-block\"><span style=\"font-weight: 400\">Au sein de la gestion environnementale, 3S a d\u00e9velopp\u00e9 un <\/span><b>catalogue d'initiatives environnementales<\/b><span style=\"font-weight: 400\"> pour la p\u00e9riode 2018-2023 au cours de laquelle les initiatives utilis\u00e9es dans le but de <\/span><b>r\u00e9duire<\/b><span style=\"font-weight: 400\"> l'<\/span><b>impact environnemental<\/b><span style=\"font-weight: 400\">l de l'activit\u00e9 de 3S, de ses fournisseurs et de ses clients\u00a0; ainsi que <\/span><b>promouvoir le d\u00e9veloppement durable<\/b><span style=\"font-weight: 400\"> gr\u00e2ce \u00e0 une <\/span><b>utilisation<\/b><span> de plus en plus <\/span><b>efficace<\/b><span> du style <\/span><b>\u00e9nerg\u00e9tique<\/b><span>, l'<\/span><b>eau<\/b><span style=\"font-weight: 400\"> et les <\/span><b>ressources naturelles<\/b><span>.<\/span><\/p>\t\t\t\t\t\t<\/div>\n\t\t\t\t<\/div>\n\t\t\t\t<div class=\"elementor-element elementor-element-0aa3edd jkit-equal-height-disable elementor-widget elementor-widget-jkit_icon_box\" data-id=\"0aa3edd\" data-element_type=\"widget\" data-widget_type=\"jkit_icon_box.default\">\n\t\t\t\t<div class=\"elementor-widget-container\">\n\t\t\t<div  class=\"jeg-elementor-kit jkit-icon-box icon-position-left elementor-animation- jeg_module__3_69e1fbe50aa4e\" ><div class=\"jkit-icon-box-wrapper hover-from-left\"><div class=\"icon-box icon-box-header elementor-animation-\"><div class=\"icon style-color\"><i aria-hidden=\"true\" class=\"icon icon-oil-bottle\"><\/i><\/div><\/div><div class=\"icon-box icon-box-body\">\n                <h2 class=\"title\">Efficacit\u00e9 du transport en r\u00e9duisant la consommation de carburant en am\u00e9liorant les itin\u00e9raires de collecte et de livraison (Service Logistique)<\/h2>\n            <\/div>\n            \n            <\/div><\/div>\t\t<\/div>\n\t\t\t\t<\/div>\n\t\t\t\t<div class=\"elementor-element elementor-element-81a5447 jkit-equal-height-disable elementor-widget elementor-widget-jkit_icon_box\" data-id=\"81a5447\" data-element_type=\"widget\" data-widget_type=\"jkit_icon_box.default\">\n\t\t\t\t<div class=\"elementor-widget-container\">\n\t\t\t<div  class=\"jeg-elementor-kit jkit-icon-box icon-position-left elementor-animation- jeg_module__4_69e1fbe50b859\" ><div class=\"jkit-icon-box-wrapper hover-from-left\"><div class=\"icon-box icon-box-header elementor-animation-\"><div class=\"icon style-color\"><i aria-hidden=\"true\" class=\"icon icon-van\"><\/i><\/div><\/div><div class=\"icon-box icon-box-body\">\n                <h2 class=\"title\">Des v\u00e9hicules utilitaires plus performants (Direction Commerciale)<\/h2>\n            <\/div>\n            \n            <\/div><\/div>\t\t<\/div>\n\t\t\t\t<\/div>\n\t\t\t\t<div class=\"elementor-element elementor-element-8711ec1 jkit-equal-height-disable elementor-widget elementor-widget-jkit_icon_box\" data-id=\"8711ec1\" data-element_type=\"widget\" data-widget_type=\"jkit_icon_box.default\">\n\t\t\t\t<div class=\"elementor-widget-container\">\n\t\t\t<div  class=\"jeg-elementor-kit jkit-icon-box icon-position-left elementor-animation- jeg_module__5_69e1fbe50c68f\" ><div class=\"jkit-icon-box-wrapper hover-from-left\"><div class=\"icon-box icon-box-header elementor-animation-\"><div class=\"icon style-color\"><i aria-hidden=\"true\" class=\"icon icon-trash1\"><\/i><\/div><\/div><div class=\"icon-box icon-box-body\">\n                <h2 class=\"title\">Campagne de tri des d\u00e9chets au sein des diff\u00e9rents d\u00e9partements de l'entreprise. S\u00e9gr\u00e9gation, signalisation, recyclage et r\u00e9utilisation.<\/h2>\n            <\/div>\n            \n            <\/div><\/div>\t\t<\/div>\n\t\t\t\t<\/div>\n\t\t\t\t<div class=\"elementor-element elementor-element-47aa8e8 jkit-equal-height-disable elementor-widget elementor-widget-jkit_icon_box\" data-id=\"47aa8e8\" data-element_type=\"widget\" data-widget_type=\"jkit_icon_box.default\">\n\t\t\t\t<div class=\"elementor-widget-container\">\n\t\t\t<div  class=\"jeg-elementor-kit jkit-icon-box icon-position-left elementor-animation- jeg_module__6_69e1fbe50d3b6\" ><div class=\"jkit-icon-box-wrapper hover-from-left\"><div class=\"icon-box icon-box-header elementor-animation-\"><div class=\"icon style-color\"><i aria-hidden=\"true\" class=\"jki jki-light-bulb-1-light\"><\/i><\/div><\/div><div class=\"icon-box icon-box-body\">\n                <h2 class=\"title\">Optimisation des syst\u00e8mes de climatisation et d'\u00e9clairage\u00a0; ajustement des horaires d'allumage et d'extinction et installation d'un \u00e9clairage LED pour r\u00e9duire la consommation.<\/h2>\n            <\/div>\n            \n            <\/div><\/div>\t\t<\/div>\n\t\t\t\t<\/div>\n\t\t\t\t<section class=\"elementor-section elementor-inner-section elementor-element elementor-element-c07e3e6 elementor-section-boxed elementor-section-height-default elementor-section-height-default\" data-id=\"c07e3e6\" data-element_type=\"section\">\n\t\t\t\t\t\t<div class=\"elementor-container elementor-column-gap-wide\">\n\t\t\t\t\t<div class=\"elementor-column elementor-col-50 elementor-inner-column elementor-element elementor-element-7280d48\" data-id=\"7280d48\" data-element_type=\"column\">\n\t\t\t<div class=\"elementor-widget-wrap elementor-element-populated\">\n\t\t\t\t\t\t\t\t<div class=\"elementor-element elementor-element-0ff7f81 elementor-align-justify elementor-widget elementor-widget-button\" data-id=\"0ff7f81\" data-element_type=\"widget\" data-widget_type=\"button.default\">\n\t\t\t\t<div class=\"elementor-widget-container\">\n\t\t\t\t\t<div class=\"elementor-button-wrapper\">\n\t\t\t<a class=\"elementor-button elementor-button-link elementor-size-sm\" href=\"https:\/\/3s-siderurgia.com\/wp-content\/uploads\/2024\/04\/3S-declaration-2022-1-1.pdf\">\n\t\t\t\t\t\t<span class=\"elementor-button-content-wrapper\">\n\t\t\t\t\t\t<span class=\"elementor-button-text\"> Medici\u00f3n Huella de Carbono<\/span>\n\t\t<\/span>\n\t\t\t\t\t<\/a>\n\t\t<\/div>\n\t\t\t\t<\/div>\n\t\t\t\t<\/div>\n\t\t\t\t\t<\/div>\n\t\t<\/div>\n\t\t\t\t<div class=\"elementor-column elementor-col-50 elementor-inner-column elementor-element elementor-element-ae24cc1\" data-id=\"ae24cc1\" data-element_type=\"column\">\n\t\t\t<div class=\"elementor-widget-wrap elementor-element-populated\">\n\t\t\t\t\t\t\t\t<div class=\"elementor-element elementor-element-d215a2c elementor-align-justify elementor-widget elementor-widget-button\" data-id=\"d215a2c\" data-element_type=\"widget\" data-widget_type=\"button.default\">\n\t\t\t\t<div class=\"elementor-widget-container\">\n\t\t\t\t\t<div class=\"elementor-button-wrapper\">\n\t\t\t<a class=\"elementor-button elementor-button-link elementor-size-sm\" href=\"https:\/\/3s-siderurgia.com\/wp-content\/uploads\/2025\/12\/IMPLICA.CERTIFICADO.DE_.ADHESION-09.25-1.pdf\">\n\t\t\t\t\t\t<span class=\"elementor-button-content-wrapper\">\n\t\t\t\t\t\t<span class=\"elementor-button-text\">Adhesi\u00f3n a Implica<\/span>\n\t\t<\/span>\n\t\t\t\t\t<\/a>\n\t\t<\/div>\n\t\t\t\t<\/div>\n\t\t\t\t<\/div>\n\t\t\t\t\t<\/div>\n\t\t<\/div>\n\t\t\t\t\t\t\t<\/div>\n\t\t<\/section>\n\t\t\t\t\t<\/div>\n\t\t<\/div>\n\t\t\t\t<div class=\"elementor-column elementor-col-33 elementor-top-column elementor-element elementor-element-491f831\" data-id=\"491f831\" data-element_type=\"column\">\n\t\t\t<div class=\"elementor-widget-wrap\">\n\t\t\t\t\t\t\t\t\t<\/div>\n\t\t<\/div>\n\t\t\t\t\t\t\t<\/div>\n\t\t<\/section>\n\t\t\t\t<section class=\"elementor-section elementor-top-section elementor-element elementor-element-6e134b1d elementor-section-height-min-height elementor-section-boxed elementor-section-height-default elementor-section-items-middle\" data-id=\"6e134b1d\" data-element_type=\"section\" id=\"calidad\" data-settings=\"{&quot;background_background&quot;:&quot;classic&quot;}\">\n\t\t\t\t\t\t<div class=\"elementor-container elementor-column-gap-wider\">\n\t\t\t\t\t<div class=\"elementor-column elementor-col-100 elementor-top-column elementor-element elementor-element-1248322a\" data-id=\"1248322a\" data-element_type=\"column\">\n\t\t\t<div class=\"elementor-widget-wrap elementor-element-populated\">\n\t\t\t\t\t\t\t\t<div class=\"elementor-element elementor-element-9c7d8c2 elementor-widget elementor-widget-jkit_heading\" data-id=\"9c7d8c2\" data-element_type=\"widget\" data-widget_type=\"jkit_heading.default\">\n\t\t\t\t<div class=\"elementor-widget-container\">\n\t\t\t<div  class=\"jeg-elementor-kit jkit-heading  align-center align-tablet- align-mobile-center jeg_module__7_69e1fbe510697\" ><div class=\"heading-section-title  display-inline-block\"><h2 class=\"heading-title\">Certificats de qualit\u00e9<\/h2><\/div><\/div>\t\t<\/div>\n\t\t\t\t<\/div>\n\t\t\t\t<section class=\"elementor-section elementor-inner-section elementor-element elementor-element-b187f21 elementor-section-boxed elementor-section-height-default elementor-section-height-default\" data-id=\"b187f21\" data-element_type=\"section\">\n\t\t\t\t\t\t<div class=\"elementor-container elementor-column-gap-wide\">\n\t\t\t\t\t<div class=\"elementor-column elementor-col-50 elementor-inner-column elementor-element elementor-element-1988905\" data-id=\"1988905\" data-element_type=\"column\">\n\t\t\t<div class=\"elementor-widget-wrap elementor-element-populated\">\n\t\t\t\t\t\t\t\t<div class=\"elementor-element elementor-element-4944a36 elementor-align-justify elementor-widget elementor-widget-button\" data-id=\"4944a36\" data-element_type=\"widget\" data-widget_type=\"button.default\">\n\t\t\t\t<div class=\"elementor-widget-container\">\n\t\t\t\t\t<div class=\"elementor-button-wrapper\">\n\t\t\t<a class=\"elementor-button elementor-button-link elementor-size-sm\" href=\"https:\/\/3s-siderurgia.com\/wp-content\/uploads\/2024\/04\/ISO9001.0044264-QMS-SPAES-UKAS.pdf\">\n\t\t\t\t\t\t<span class=\"elementor-button-content-wrapper\">\n\t\t\t\t\t\t<span class=\"elementor-button-text\">Certificat ISO 9001:2015<\/span>\n\t\t<\/span>\n\t\t\t\t\t<\/a>\n\t\t<\/div>\n\t\t\t\t<\/div>\n\t\t\t\t<\/div>\n\t\t\t\t\t<\/div>\n\t\t<\/div>\n\t\t\t\t<div class=\"elementor-column elementor-col-50 elementor-inner-column elementor-element elementor-element-a9e0ce0\" data-id=\"a9e0ce0\" data-element_type=\"column\">\n\t\t\t<div class=\"elementor-widget-wrap elementor-element-populated\">\n\t\t\t\t\t\t\t\t<div class=\"elementor-element elementor-element-a04ce44 elementor-align-justify elementor-widget elementor-widget-button\" data-id=\"a04ce44\" data-element_type=\"widget\" data-widget_type=\"button.default\">\n\t\t\t\t<div class=\"elementor-widget-container\">\n\t\t\t\t\t<div class=\"elementor-button-wrapper\">\n\t\t\t<a class=\"elementor-button elementor-button-link elementor-size-sm\" href=\"https:\/\/3s-siderurgia.com\/wp-content\/uploads\/2024\/04\/ISO14001.0044265-EMS-SPAES-UKAS.pdf\">\n\t\t\t\t\t\t<span class=\"elementor-button-content-wrapper\">\n\t\t\t\t\t\t<span class=\"elementor-button-text\">Certificat ISO 14001:2015<\/span>\n\t\t<\/span>\n\t\t\t\t\t<\/a>\n\t\t<\/div>\n\t\t\t\t<\/div>\n\t\t\t\t<\/div>\n\t\t\t\t\t<\/div>\n\t\t<\/div>\n\t\t\t\t\t\t\t<\/div>\n\t\t<\/section>\n\t\t\t\t\t<\/div>\n\t\t<\/div>\n\t\t\t\t\t\t\t<\/div>\n\t\t<\/section>\n\t\t\t\t\t\t\t<\/div>","protected":false},"excerpt":{"rendered":"<p>Sobre nosotros Dirigido por profesionales con m\u00e1s de 30 a\u00f1os de experiencia en el Sector Siderometal\u00fargico Especializados en la Fabricaci\u00f3n y Comercializaci\u00f3n de Productos para Acer\u00eda y Fundici\u00f3n. Desde el inicio de la actividad 3S mantiene unos principios que se mantienen e incentivan con un Sistema de Gesti\u00f3n que propicia el logro de objetivos de [&hellip;]<\/p>","protected":false},"author":1,"featured_media":0,"parent":0,"menu_order":0,"comment_status":"closed","ping_status":"closed","template":"elementor_header_footer","meta":{"footnotes":""},"class_list":["post-294","page","type-page","status-publish","hentry"],"_links":{"self":[{"href":"https:\/\/3s-siderurgia.com\/fr\/wp-json\/wp\/v2\/pages\/294","targetHints":{"allow":["GET"]}}],"collection":[{"href":"https:\/\/3s-siderurgia.com\/fr\/wp-json\/wp\/v2\/pages"}],"about":[{"href":"https:\/\/3s-siderurgia.com\/fr\/wp-json\/wp\/v2\/types\/page"}],"author":[{"embeddable":true,"href":"https:\/\/3s-siderurgia.com\/fr\/wp-json\/wp\/v2\/users\/1"}],"replies":[{"embeddable":true,"href":"https:\/\/3s-siderurgia.com\/fr\/wp-json\/wp\/v2\/comments?post=294"}],"version-history":[{"count":113,"href":"https:\/\/3s-siderurgia.com\/fr\/wp-json\/wp\/v2\/pages\/294\/revisions"}],"predecessor-version":[{"id":1261,"href":"https:\/\/3s-siderurgia.com\/fr\/wp-json\/wp\/v2\/pages\/294\/revisions\/1261"}],"wp:attachment":[{"href":"https:\/\/3s-siderurgia.com\/fr\/wp-json\/wp\/v2\/media?parent=294"}],"curies":[{"name":"wp","href":"https:\/\/api.w.org\/{rel}","templated":true}]}}