{"id":1148,"date":"2023-05-13T10:20:37","date_gmt":"2023-05-13T10:20:37","guid":{"rendered":"https:\/\/3s-siderurgia.com\/?page_id=1148"},"modified":"2023-05-13T10:22:38","modified_gmt":"2023-05-13T10:22:38","slug":"aviso-legal","status":"publish","type":"page","link":"https:\/\/3s-siderurgia.com\/fr\/aviso-legal\/","title":{"rendered":"Aviso Legal"},"content":{"rendered":"<div data-elementor-type=\"wp-page\" data-elementor-id=\"1148\" class=\"elementor elementor-1148\">\n\t\t\t\t\t\t\t\t\t<section class=\"elementor-section elementor-top-section elementor-element elementor-element-b4264dd elementor-section-boxed elementor-section-height-default elementor-section-height-default\" data-id=\"b4264dd\" data-element_type=\"section\">\n\t\t\t\t\t\t<div class=\"elementor-container elementor-column-gap-default\">\n\t\t\t\t\t<div class=\"elementor-column elementor-col-100 elementor-top-column elementor-element elementor-element-e8a4837\" data-id=\"e8a4837\" data-element_type=\"column\">\n\t\t\t<div class=\"elementor-widget-wrap elementor-element-populated\">\n\t\t\t\t\t\t\t\t<div class=\"elementor-element elementor-element-5cf5340 elementor-widget elementor-widget-heading\" data-id=\"5cf5340\" data-element_type=\"widget\" data-widget_type=\"heading.default\">\n\t\t\t\t<div class=\"elementor-widget-container\">\n\t\t\t<style>\/*! elementor - v3.16.0 - 14-09-2023 *\/\n.elementor-heading-title{padding:0;margin:0;line-height:1}.elementor-widget-heading .elementor-heading-title[class*=elementor-size-]>a{color:inherit;font-size:inherit;line-height:inherit}.elementor-widget-heading .elementor-heading-title.elementor-size-small{font-size:15px}.elementor-widget-heading .elementor-heading-title.elementor-size-medium{font-size:19px}.elementor-widget-heading .elementor-heading-title.elementor-size-large{font-size:29px}.elementor-widget-heading .elementor-heading-title.elementor-size-xl{font-size:39px}.elementor-widget-heading .elementor-heading-title.elementor-size-xxl{font-size:59px}<\/style><h2 class=\"elementor-heading-title elementor-size-default\">Aviso Legal<\/h2>\t\t<\/div>\n\t\t\t\t<\/div>\n\t\t\t\t\t<\/div>\n\t\t<\/div>\n\t\t\t\t\t\t\t<\/div>\n\t\t<\/section>\n\t\t\t\t<section class=\"elementor-section elementor-top-section elementor-element elementor-element-a658362 elementor-section-boxed elementor-section-height-default elementor-section-height-default\" data-id=\"a658362\" data-element_type=\"section\">\n\t\t\t\t\t\t<div class=\"elementor-container elementor-column-gap-default\">\n\t\t\t\t\t<div class=\"elementor-column elementor-col-100 elementor-top-column elementor-element elementor-element-92b3a0d\" data-id=\"92b3a0d\" data-element_type=\"column\">\n\t\t\t<div class=\"elementor-widget-wrap elementor-element-populated\">\n\t\t\t\t\t\t\t\t<div class=\"elementor-element elementor-element-b2ec150 elementor-widget elementor-widget-text-editor\" data-id=\"b2ec150\" data-element_type=\"widget\" data-widget_type=\"text-editor.default\">\n\t\t\t\t<div class=\"elementor-widget-container\">\n\t\t\t<style>\/*! elementor - v3.16.0 - 14-09-2023 *\/\n.elementor-widget-text-editor.elementor-drop-cap-view-stacked .elementor-drop-cap{background-color:#69727d;color:#fff}.elementor-widget-text-editor.elementor-drop-cap-view-framed .elementor-drop-cap{color:#69727d;border:3px solid;background-color:transparent}.elementor-widget-text-editor:not(.elementor-drop-cap-view-default) .elementor-drop-cap{margin-top:8px}.elementor-widget-text-editor:not(.elementor-drop-cap-view-default) .elementor-drop-cap-letter{width:1em;height:1em}.elementor-widget-text-editor .elementor-drop-cap{float:left;text-align:center;line-height:1;font-size:50px}.elementor-widget-text-editor .elementor-drop-cap-letter{display:inline-block}<\/style>\t\t\t\t<p><b>TITULARIDAD<\/b><\/p><p>\u00a0<\/p><p><span style=\"font-weight: 400;\">En cumplimiento de las obligaciones establecidas en el art\u00edculo 10 de la Ley 34\/2002, de 11 de julio, de Servicios de la Sociedad de la Informaci\u00f3n y Comercio Electr\u00f3nico, se hace constar que esta p\u00e1gina corresponde a la entidad:\u00a0<\/span><\/p><p>\u00a0<\/p><p><span style=\"font-weight: 400;\">3S &#8211; SUMINISTROS Y SERVICIOS PARA LA SIDERURGIA SL.\u00a0 CIF: B95649372<\/span><\/p><p><span style=\"font-weight: 400;\">Domicilio: CALLE JUAN DE AJURIAGUERRA 2, 1IZQ 48009, BILBAO.<\/span><\/p><p><span style=\"font-weight: 400;\">Tfno: 942822254<\/span><\/p><p><span style=\"font-weight: 400;\">Mail: administracion@3s-siderurgia.com<\/span><\/p><p><span style=\"font-weight: 400;\">Web: 3s-siderurgia.com\u00a0<\/span><\/p><p><span style=\"font-weight: 400;\">Inscripci\u00f3n de la entidad:<\/span><\/p><p><i><span style=\"font-weight: 400;\">Registro Mercantil de VIZCAYA Tomo 5215 , Folio 104, Secci\u00f3n 8, Hoja BI5854<\/span><\/i><\/p><p>\u00a0<\/p><p><b>USUARIOS<\/b><\/p><p><span style=\"font-weight: 400;\">El acceso y\/o uso de este portal de 3S &#8211; SUMINISTROS Y SERVICIOS PARA LA SIDERURGIA SL atribuye la condici\u00f3n de USUARIO, que acepta, desde dicho acceso y\/o uso, las Condiciones Generales de Uso aqu\u00ed reflejadas. Las citadas Condiciones ser\u00e1n de aplicaci\u00f3n independientemente de las Condiciones Generales de Contrataci\u00f3n que en su caso resulten de obligado cumplimiento. <\/span><\/p><p><b>USO DEL PORTAL<\/b><\/p><p><span style=\"font-weight: 400;\">3s-siderurgia.com\u00a0 proporciona el acceso a multitud de informaciones, servicios, programas o datos (en adelante, \u00ablos contenidos\u00bb) en Internet pertenecientes a 3S &#8211; SUMINISTROS Y SERVICIOS PARA LA SIDERURGIA SL o a sus licenciantes a los que el USUARIO pueda tener acceso. El USUARIO asume la responsabilidad del uso del portal. Dicha responsabilidad se extiende al registro que fuese necesario para acceder a determinados servicios o contenidos. En dicho registro el USUARIO ser\u00e1 responsable de aportar informaci\u00f3n veraz y l\u00edcita. Como consecuencia de este registro, al USUARIO se le puede proporcionar una contrase\u00f1a de la que ser\u00e1 responsable, comprometi\u00e9ndose a hacer un uso diligente y confidencial de la misma. El USUARIO se compromete a hacer un uso adecuado de los contenidos y servicios que 3S &#8211; SUMINISTROS Y SERVICIOS PARA LA SIDERURGIA SL puede ofrece a trav\u00e9s de su portal y con car\u00e1cter enunciativo pero no limitativo, a no emplearlos para (i) incurrir en actividades il\u00edcitas, ilegales o contrarias a la buena fe y al orden p\u00fablico; (ii) difundir contenidos o propaganda de car\u00e1cter racista, xen\u00f3fobo, pornogr\u00e1fico-ilegal, de apolog\u00eda del terrorismo o atentatorio contra los derechos humanos; (iii) provocar da\u00f1os en los sistemas f\u00edsicos y l\u00f3gicos de 3S &#8211; SUMINISTROS Y SERVICIOS PARA LA SIDERURGIA SL, de sus proveedores o de terceras personas, introducir o difundir en la red virus inform\u00e1ticos o cualesquiera otros sistemas f\u00edsicos o l\u00f3gicos que sean susceptibles de provocar los da\u00f1os anteriormente mencionados; (iv) intentar acceder y, en su caso, utilizar las cuentas de correo electr\u00f3nico de otros usuarios y modificar o manipular sus mensajes. 3S &#8211; SUMINISTROS Y SERVICIOS PARA LA SIDERURGIA SL se reserva el derecho de retirar todos aquellos comentarios y aportaciones que vulneren el respeto a la dignidad de la persona, que sean discriminatorios, xen\u00f3fobos, racistas, pornogr\u00e1ficos, que atenten contra la juventud o la infancia, el orden o la seguridad p\u00fablica o que, a su juicio, no resultaran adecuados para su publicaci\u00f3n. En cualquier caso, 3S &#8211; SUMINISTROS Y SERVICIOS PARA LA SIDERURGIA SL no ser\u00e1 responsable de las opiniones vertidas por los usuarios a trav\u00e9s de los foros, chats, u otras herramientas de participaci\u00f3n.\u00a0<\/span><\/p><p><b>PROPIEDAD INTELECTUAL E INDUSTRIAL<\/b><span style=\"font-weight: 400;\">\u00a0<\/span><\/p><p><span style=\"font-weight: 400;\">3S &#8211; SUMINISTROS Y SERVICIOS PARA LA SIDERURGIA SL por s\u00ed o como cesionaria, es titular de todos los derechos de propiedad intelectual e industrial de su p\u00e1gina web, as\u00ed como de los elementos contenidos en la misma (a t\u00edtulo enunciativo, im\u00e1genes, sonido, audio, v\u00eddeo, software o textos; marcas o logotipos, combinaciones de colores, estructura y dise\u00f1o, selecci\u00f3n de materiales usados, programas de ordenador necesarios para su funcionamiento, acceso y uso, etc.), titularidad de 3S &#8211; SUMINISTROS Y SERVICIOS PARA LA SIDERURGIA SL o bien de sus licenciantes. Todos los derechos reservados. En virtud de lo dispuesto en los art\u00edculos 8 y 32.1, p\u00e1rrafo segundo, de la Ley de Propiedad Intelectual, quedan expresamente prohibidas la reproducci\u00f3n, la distribuci\u00f3n y la comunicaci\u00f3n p\u00fablica, incluida su modalidad de puesta a disposici\u00f3n, de la totalidad o parte de los contenidos de esta p\u00e1gina web, con fines comerciales, en cualquier soporte y por cualquier medio t\u00e9cnico, sin la autorizaci\u00f3n de 3S &#8211; SUMINISTROS Y SERVICIOS PARA LA SIDERURGIA SL. El USUARIO se compromete a respetar los derechos de Propiedad Intelectual e Industrial titularidad de 3S &#8211; SUMINISTROS Y SERVICIOS PARA LA SIDERURGIA SL. Podr\u00e1 visualizar los elementos del portal e incluso imprimirlos, copiarlos y almacenarlos en el disco duro de su ordenador o en cualquier otro soporte f\u00edsico siempre y cuando sea, \u00fanica y exclusivamente, para su uso personal y privado. El USUARIO deber\u00e1 abstenerse de suprimir, alterar, eludir o manipular cualquier dispositivo de protecci\u00f3n o sistema de seguridad que estuviera instalado en el las p\u00e1ginas de 3S &#8211; SUMINISTROS Y SERVICIOS PARA LA SIDERURGIA SL.\u00a0<\/span><\/p><p><b>DIRECCIONES IP<\/b><\/p><p>\u00a0<\/p><p><span style=\"font-weight: 400;\">Los servidores del sitio web podr\u00e1n detectar de manera autom\u00e1tica la direcci\u00f3n IP y el nombre de dominio utilizados por el usuario. Una direcci\u00f3n IP es un n\u00famero asignado autom\u00e1ticamente a un ordenador cuando \u00e9sta se conecta a Internet. Toda esta informaci\u00f3n es registrada en un fichero de actividad del servidor debidamente inscrito que permite el posterior procesamiento de los datos con el fin de obtener mediciones \u00fanicamente estad\u00edsticas que permitan conocer el n\u00famero de impresiones de p\u00e1ginas, el n\u00famero de visitas realizadas a los servicios web, el orden de visitas, el punto de acceso, etc.<\/span><\/p><p>\u00a0<\/p><p><b>EXCLUSI\u00d3N DE GARANT\u00cdAS Y RESPONSABILIDAD<\/b><\/p><p><span style=\"font-weight: 400;\">3S &#8211; SUMINISTROS Y SERVICIOS PARA LA SIDERURGIA SL no se hace responsable, en ning\u00fan caso, de los da\u00f1os y perjuicios de cualquier naturaleza que pudieran ocasionar, a t\u00edtulo enunciativo: errores u omisiones en los contenidos, falta de disponibilidad del portal o la transmisi\u00f3n de virus o programas maliciosos o lesivos en los contenidos, a pesar de haber adoptado todas las medidas tecnol\u00f3gicas necesarias para evitarlo.\u00a0<\/span><\/p><p>\u00a0<\/p><p><b>MODIFICACIONES<\/b><\/p><p><span style=\"font-weight: 400;\">3S &#8211; SUMINISTROS Y SERVICIOS PARA LA SIDERURGIA SL se reserva el derecho de efectuar sin previo aviso las modificaciones que considere oportunas en su portal, pudiendo cambiar, suprimir o a\u00f1adir tanto los contenidos y servicios que se presten a trav\u00e9s de la misma como la forma en la que \u00e9stos aparezcan presentados o localizados en su portal.\u00a0<\/span><\/p><p>\u00a0<\/p><p><b>ENLACES<\/b><\/p><p><span style=\"font-weight: 400;\">En el caso de que en 3s-siderurgia.com\u00a0 se dispusiesen enlaces o hiperv\u00ednculos hac\u00eda otros sitios de Internet, 3S &#8211; SUMINISTROS Y SERVICIOS PARA LA SIDERURGIA SL no ejercer\u00e1 ning\u00fan tipo de control sobre dichos sitios y contenidos. En ning\u00fan caso 3S &#8211; SUMINISTROS Y SERVICIOS PARA LA SIDERURGIA SL asumir\u00e1 responsabilidad alguna por los contenidos de alg\u00fan enlace perteneciente a un sitio web ajeno, ni garantizar\u00e1 la disponibilidad t\u00e9cnica, calidad, fiabilidad, exactitud, amplitud, veracidad, validez y constitucionalidad de cualquier material o informaci\u00f3n contenida en ninguno de dichos hiperv\u00ednculos u otros sitios de Internet. Igualmente la inclusi\u00f3n de estas conexiones externas no implicar\u00e1 ning\u00fan tipo de asociaci\u00f3n, fusi\u00f3n o participaci\u00f3n con las entidades conectadas.\u00a0<\/span><\/p><p><b>DERECHO DE EXCLUSI\u00d3N<\/b><\/p><p><span style=\"font-weight: 400;\">3S &#8211; SUMINISTROS Y SERVICIOS PARA LA SIDERURGIA SL se reserva el derecho a denegar o retirar el acceso a portal y\/o los servicios ofrecidos sin necesidad de preaviso, a instancia propia o de un tercero, a aquellos usuarios que incumplan las presentes Condiciones Generales de Uso.\u00a0<\/span><\/p><p>\u00a0<\/p><p><b>GENERALIDADES<\/b><\/p><p><span style=\"font-weight: 400;\">3S &#8211; SUMINISTROS Y SERVICIOS PARA LA SIDERURGIA SL perseguir\u00e1 el incumplimiento de las presentes condiciones as\u00ed como cualquier utilizaci\u00f3n indebida de su portal ejerciendo todas las acciones civiles y penales que le puedan corresponder en derecho.\u00a0<\/span><\/p><p>\u00a0<\/p><p><b>MODIFICACI\u00d3N DE LAS PRESENTES CONDICIONES Y DURACI\u00d3N<\/b><\/p><p><span style=\"font-weight: 400;\">3S &#8211; SUMINISTROS Y SERVICIOS PARA LA SIDERURGIA SL podr\u00e1 modificar en cualquier momento las condiciones aqu\u00ed determinadas, siendo debidamente publicadas como aqu\u00ed aparecen. La vigencia de las citadas condiciones ir\u00e1 en funci\u00f3n de su exposici\u00f3n y estar\u00e1n vigentes hasta que sean modificadas por otras debidamente publicadas.\u00a0<\/span><\/p><p>\u00a0<\/p><p><b>SEGURIDAD<\/b><\/p><p><span style=\"font-weight: 400;\">El sitio web utiliza t\u00e9cnicas de seguridad de la informaci\u00f3n generalmente aceptadas en la industria, tales como firewalls, procedimientos de control de acceso y mecanismos criptogr\u00e1ficos, todo ello con el objeto de evitar el acceso no autorizado a los datos. Para lograr estos fines, el usuario\/cliente acepta que el prestador obtenga datos para efectos de la correspondiente autenticaci\u00f3n de los controles de acceso.<\/span><\/p><p>\u00a0<\/p><p><span style=\"font-weight: 400;\">Todo proceso de contrataci\u00f3n o que conlleve la introducci\u00f3n de datos personales de car\u00e1cter alto (salud, ideolog\u00eda,\u2026) ser\u00e1n siempre transmitidos mediante protocolo de comunicaci\u00f3n segura (Https:\/\/,\u2026), de tal forma que ning\u00fan tercero tenga acceso a la informaci\u00f3n transmitida v\u00eda electr\u00f3nica.<\/span><\/p><p>\u00a0<\/p><p><b>LEGISLACI\u00d3N APLICABLE Y JURISDICCI\u00d3N<\/b><\/p><p><span style=\"font-weight: 400;\">La relaci\u00f3n entre 3S &#8211; SUMINISTROS Y SERVICIOS PARA LA SIDERURGIA SL y el USUARIO se regir\u00e1 por la normativa espa\u00f1ola vigente y cualquier controversia se someter\u00e1 a los Juzgados y tribunales que corresponda.<\/span><\/p><p>\u00a0<\/p><p><span style=\"font-weight: 400;\">Fecha de la ultima modificaci\u00f3n: 18-04-2023<\/span><\/p>\t\t\t\t\t\t<\/div>\n\t\t\t\t<\/div>\n\t\t\t\t\t<\/div>\n\t\t<\/div>\n\t\t\t\t\t\t\t<\/div>\n\t\t<\/section>\n\t\t\t\t\t\t\t<\/div>","protected":false},"excerpt":{"rendered":"<p>Aviso Legal TITULARIDAD \u00a0 En cumplimiento de las obligaciones establecidas en el art\u00edculo 10 de la Ley 34\/2002, de 11 de julio, de Servicios de la Sociedad de la Informaci\u00f3n y Comercio Electr\u00f3nico, se hace constar que esta p\u00e1gina corresponde a la entidad:\u00a0 \u00a0 3S &#8211; SUMINISTROS Y SERVICIOS PARA LA SIDERURGIA SL.\u00a0 CIF: B95649372 [&hellip;]<\/p>","protected":false},"author":1,"featured_media":0,"parent":0,"menu_order":0,"comment_status":"closed","ping_status":"closed","template":"","meta":{"footnotes":""},"class_list":["post-1148","page","type-page","status-publish","hentry"],"_links":{"self":[{"href":"https:\/\/3s-siderurgia.com\/fr\/wp-json\/wp\/v2\/pages\/1148","targetHints":{"allow":["GET"]}}],"collection":[{"href":"https:\/\/3s-siderurgia.com\/fr\/wp-json\/wp\/v2\/pages"}],"about":[{"href":"https:\/\/3s-siderurgia.com\/fr\/wp-json\/wp\/v2\/types\/page"}],"author":[{"embeddable":true,"href":"https:\/\/3s-siderurgia.com\/fr\/wp-json\/wp\/v2\/users\/1"}],"replies":[{"embeddable":true,"href":"https:\/\/3s-siderurgia.com\/fr\/wp-json\/wp\/v2\/comments?post=1148"}],"version-history":[{"count":10,"href":"https:\/\/3s-siderurgia.com\/fr\/wp-json\/wp\/v2\/pages\/1148\/revisions"}],"predecessor-version":[{"id":1158,"href":"https:\/\/3s-siderurgia.com\/fr\/wp-json\/wp\/v2\/pages\/1148\/revisions\/1158"}],"wp:attachment":[{"href":"https:\/\/3s-siderurgia.com\/fr\/wp-json\/wp\/v2\/media?parent=1148"}],"curies":[{"name":"wp","href":"https:\/\/api.w.org\/{rel}","templated":true}]}}