{"id":933,"date":"2022-03-21T16:26:58","date_gmt":"2022-03-21T16:26:58","guid":{"rendered":"https:\/\/3s-siderurgia.com\/?page_id=933"},"modified":"2022-03-21T16:38:54","modified_gmt":"2022-03-21T16:38:54","slug":"politica-de-cookies","status":"publish","type":"page","link":"https:\/\/3s-siderurgia.com\/en\/politica-de-cookies\/","title":{"rendered":"Pol\u00edtica de Cookies"},"content":{"rendered":"<div data-elementor-type=\"wp-page\" data-elementor-id=\"933\" class=\"elementor elementor-933\">\n\t\t\t\t\t\t\t\t\t<section class=\"elementor-section elementor-top-section elementor-element elementor-element-acc92eb elementor-section-boxed elementor-section-height-default elementor-section-height-default\" data-id=\"acc92eb\" data-element_type=\"section\">\n\t\t\t\t\t\t<div class=\"elementor-container elementor-column-gap-default\">\n\t\t\t\t\t<div class=\"elementor-column elementor-col-100 elementor-top-column elementor-element elementor-element-552a292\" data-id=\"552a292\" data-element_type=\"column\">\n\t\t\t<div class=\"elementor-widget-wrap elementor-element-populated\">\n\t\t\t\t\t\t\t\t<div class=\"elementor-element elementor-element-53eab15 elementor-widget elementor-widget-heading\" data-id=\"53eab15\" data-element_type=\"widget\" data-widget_type=\"heading.default\">\n\t\t\t\t<div class=\"elementor-widget-container\">\n\t\t\t<style>\/*! elementor - v3.16.0 - 14-09-2023 *\/\n.elementor-heading-title{padding:0;margin:0;line-height:1}.elementor-widget-heading .elementor-heading-title[class*=elementor-size-]>a{color:inherit;font-size:inherit;line-height:inherit}.elementor-widget-heading .elementor-heading-title.elementor-size-small{font-size:15px}.elementor-widget-heading .elementor-heading-title.elementor-size-medium{font-size:19px}.elementor-widget-heading .elementor-heading-title.elementor-size-large{font-size:29px}.elementor-widget-heading .elementor-heading-title.elementor-size-xl{font-size:39px}.elementor-widget-heading .elementor-heading-title.elementor-size-xxl{font-size:59px}<\/style><h2 class=\"elementor-heading-title elementor-size-default\">Pol\u00edtica de Cookies<\/h2>\t\t<\/div>\n\t\t\t\t<\/div>\n\t\t\t\t<div class=\"elementor-element elementor-element-4f87c07 elementor-widget elementor-widget-text-editor\" data-id=\"4f87c07\" data-element_type=\"widget\" data-widget_type=\"text-editor.default\">\n\t\t\t\t<div class=\"elementor-widget-container\">\n\t\t\t<style>\/*! elementor - v3.16.0 - 14-09-2023 *\/\n.elementor-widget-text-editor.elementor-drop-cap-view-stacked .elementor-drop-cap{background-color:#69727d;color:#fff}.elementor-widget-text-editor.elementor-drop-cap-view-framed .elementor-drop-cap{color:#69727d;border:3px solid;background-color:transparent}.elementor-widget-text-editor:not(.elementor-drop-cap-view-default) .elementor-drop-cap{margin-top:8px}.elementor-widget-text-editor:not(.elementor-drop-cap-view-default) .elementor-drop-cap-letter{width:1em;height:1em}.elementor-widget-text-editor .elementor-drop-cap{float:left;text-align:center;line-height:1;font-size:50px}.elementor-widget-text-editor .elementor-drop-cap-letter{display:inline-block}<\/style>\t\t\t\t<p>En cumplimiento de la Ley 34\/2002, de 11 de julio, de Servicios de la Sociedad de la Informaci\u00f3n y Comercio Electr\u00f3nico le informamos de que este sitio web, al igual que la mayor\u00eda de los sitios en Internet, usa Cookies para mejorar y optimizar la experiencia del usuario. A continuaci\u00f3n encontrar\u00e1 informaci\u00f3n detallada sobre qu\u00e9 son las \u201cCookies\u201d, qu\u00e9 tipolog\u00eda utiliza este sitio web, c\u00f3mo cambiar la configuraci\u00f3n de sus cookies, y qu\u00e9&nbsp; ocurre si deshabilita las Cookies.&nbsp;<\/p>\n<p><b>\u00bfQu\u00e9 son las Cookies?&nbsp;<\/b><\/p>\n<p>Una cookie es un peque\u00f1o archivo que se descarga en el equipo del usuario con la finalidad de almacenar datos, los cuales podr\u00e1n ser actualizados y recuperados por la entidad responsable de su instalaci\u00f3n.&nbsp;<\/p><p><br><\/p>\n<p><b>\u00bfQu\u00e9 tipo de Cookies utiliza esta p\u00e1gina web?&nbsp;<\/b><\/p>\n<p>A continuaci\u00f3n se muestra una tabla con las&nbsp;<b>Cookies&nbsp;<\/b>utilizadas en este sitio web:<\/p><p><br><\/p>\n<table>\n<tbody>\n<tr>\n<td>\n<p><b>DOMINIO<\/b><\/p>\n<\/td>\n<td>\n<p><b>NOMBRE DE LA COOKIE<\/b><\/p>\n<\/td>\n<td>\n<p><b>DESCRIPCION \/ FINALIDAD<\/b><\/p>\n<\/td>\n<td>\n<p><b>PROVEEDOR<\/b><\/p>\n<\/td>\n<td>\n<p><b>CADUCIDAD<\/b><\/p>\n<\/td>\n<\/tr>\n<tr>\n<td>\n<p>3s-siderurgia.com<\/p>\n<\/td>\n<td>\n<p>_utma<\/p>\n<\/td>\n<td>\n<p>Medici\u00f3n interna \/ anal\u00edtica web<\/p>\n<\/td>\n<td>\n<p>Propias<\/p>\n<\/td>\n<td>\n<p>2 a\u00f1os desde que se creo inicialmente o se restableci\u00f3<\/p>\n<\/td>\n<\/tr>\n<tr>\n<td>\n<p>3s-siderurgia.com<\/p>\n<\/td>\n<td>\n<p>cdp-cookies-plugin-wp<\/p>\n<\/td>\n<td>\n<p>Aceptaci\u00f3n pol\u00edtica de cookies<\/p>\n<\/td>\n<td>\n<p>Propias<\/p>\n<\/td>\n<td>\n<p>2 a\u00f1os desde que se creo inicialmente o se restableci\u00f3<\/p>\n<\/td>\n<\/tr>\n<tr>\n<td>\n<p>3s-siderurgia.com<\/p>\n<\/td>\n<td>\n<p>_utmb<\/p>\n<\/td>\n<td>\n<p>Distinguir usuarios asignando un identificador aleatorio \u00fanico.<\/p>\n<\/td>\n<td>\n<p>Terceros (Google Analytics)<\/p>\n<\/td>\n<td>\n<p>2 a\u00f1os desde que se creo inicialmente o se restableci\u00f3<\/p>\n<\/td>\n<\/tr>\n<\/tbody>\n<\/table>\n<p><b>\u00bfC\u00f3mo puede configurar sus Cookies?&nbsp;<\/b><\/p>\n<p>Al navegar y continuar en nuestro sitio web estar\u00e1 consintiendo el uso de las Cookies en las condiciones contenidas en la presente Pol\u00edtica de Cookies. Usted como usuario tiene la posibilidad de ejercer su derecho a bloquear, eliminar y rechazar el uso de Cookies, en todo momento, modificando las opciones de su navegador<\/p>\n<p>Por ejemplo:&nbsp;<\/p>\n<ol>\n<li><b>Internet Explorer<\/b>: Herramientas &gt; Opciones de Internet &gt; Privacidad &gt; Configuraci\u00f3n.&nbsp;<\/li>\n<\/ol>\n<p>Para m\u00e1s informaci\u00f3n, puede consultar el soporte de Microsoft o la Ayuda del navegador.&nbsp;<\/p>\n<ol start=\"2\">\n<li><b>Mozilla Firefox<\/b>: Herramientas &gt; Opciones &gt; Privacidad &gt; Historial &gt; Configuraci\u00f3n Personalizada.&nbsp;<\/li>\n<\/ol>\n<p>Para m\u00e1s informaci\u00f3n, puede consultar el soporte de Mozilla o la Ayuda del navegador.&nbsp;<\/p>\n<ol start=\"3\">\n<li><b>Google Chrome<\/b>: Configuraci\u00f3n &gt; Mostrar opciones avanzadas &gt; Privacidad -&gt; Configuraci\u00f3n de contenido.&nbsp;<\/li>\n<\/ol>\n<p>Para m\u00e1s informaci\u00f3n, puede consultar el soporte de Google o la Ayuda del navegador.&nbsp;<\/p>\n<ol start=\"4\">\n<li><b>Safari<\/b>: Preferencias &gt; Seguridad.&nbsp;<\/li>\n<\/ol>\n<p>Para m\u00e1s informaci\u00f3n, puede consultar el soporte de Apple o la Ayuda del navegador.&nbsp;<\/p>\n<ol start=\"5\">\n<li><b>Opera<\/b>: Configuraci\u00f3n &gt; Opciones &gt; Avanzado &gt; Cookies&nbsp;<\/li>\n<\/ol>\n<p>Para m\u00e1s informaci\u00f3n, puede consultar el soporte de Opera o la Ayuda del navegador.&nbsp;<\/p>\n<p>Si usa otro navegador distinto a los anteriores, consulte su pol\u00edtica de instalaci\u00f3n, uso y bloqueo de cookies.<\/p>\n<p><b>\u00bfQu\u00e9 ocurre si se deshabilitan las Cookies?<\/b><\/p>\n<p>Algunas funcionalidades de los Servicios o \u00e1reas de este sitio web podr\u00edan no funcionar correctamente.<\/p>\n<p><b>\u00bfActualizamos nuestra pol\u00edtica de Cookies?<\/b><\/p>\n<p>Es posible que actualicemos la pol\u00edtica de Cookies de nuestra p\u00e1gina web, por ello, le recomendamos revisar esta pol\u00edtica cada vez que acceda a nuestro sitio web con el objetivo de estar adecuadamente informado sobre c\u00f3mo y para que usamos las Cookies.<\/p>\t\t\t\t\t\t<\/div>\n\t\t\t\t<\/div>\n\t\t\t\t\t<\/div>\n\t\t<\/div>\n\t\t\t\t\t\t\t<\/div>\n\t\t<\/section>\n\t\t\t\t\t\t\t<\/div>","protected":false},"excerpt":{"rendered":"<p>Pol\u00edtica de Cookies En cumplimiento de la Ley 34\/2002, de 11 de julio, de Servicios de la Sociedad de la Informaci\u00f3n y Comercio Electr\u00f3nico le informamos de que este sitio web, al igual que la mayor\u00eda de los sitios en Internet, usa Cookies para mejorar y optimizar la experiencia del usuario. A continuaci\u00f3n encontrar\u00e1 informaci\u00f3n [&hellip;]<\/p>","protected":false},"author":1,"featured_media":0,"parent":0,"menu_order":0,"comment_status":"closed","ping_status":"closed","template":"elementor_header_footer","meta":{"footnotes":""},"class_list":["post-933","page","type-page","status-publish","hentry"],"_links":{"self":[{"href":"https:\/\/3s-siderurgia.com\/en\/wp-json\/wp\/v2\/pages\/933","targetHints":{"allow":["GET"]}}],"collection":[{"href":"https:\/\/3s-siderurgia.com\/en\/wp-json\/wp\/v2\/pages"}],"about":[{"href":"https:\/\/3s-siderurgia.com\/en\/wp-json\/wp\/v2\/types\/page"}],"author":[{"embeddable":true,"href":"https:\/\/3s-siderurgia.com\/en\/wp-json\/wp\/v2\/users\/1"}],"replies":[{"embeddable":true,"href":"https:\/\/3s-siderurgia.com\/en\/wp-json\/wp\/v2\/comments?post=933"}],"version-history":[{"count":17,"href":"https:\/\/3s-siderurgia.com\/en\/wp-json\/wp\/v2\/pages\/933\/revisions"}],"predecessor-version":[{"id":954,"href":"https:\/\/3s-siderurgia.com\/en\/wp-json\/wp\/v2\/pages\/933\/revisions\/954"}],"wp:attachment":[{"href":"https:\/\/3s-siderurgia.com\/en\/wp-json\/wp\/v2\/media?parent=933"}],"curies":[{"name":"wp","href":"https:\/\/api.w.org\/{rel}","templated":true}]}}