{"id":3,"date":"2021-11-23T12:29:09","date_gmt":"2021-11-23T12:29:09","guid":{"rendered":"https:\/\/3s-siderurgia.com\/?page_id=3"},"modified":"2022-03-21T16:34:14","modified_gmt":"2022-03-21T16:34:14","slug":"politica-de-privacidad","status":"publish","type":"page","link":"https:\/\/3s-siderurgia.com\/en\/politica-de-privacidad\/","title":{"rendered":"Pol\u00edtica de Privacidad"},"content":{"rendered":"<div data-elementor-type=\"wp-page\" data-elementor-id=\"3\" class=\"elementor elementor-3\">\n\t\t\t\t\t\t\t\t\t<section class=\"elementor-section elementor-top-section elementor-element elementor-element-1e1b1b36 elementor-section-boxed elementor-section-height-default elementor-section-height-default\" data-id=\"1e1b1b36\" data-element_type=\"section\">\n\t\t\t\t\t\t<div class=\"elementor-container elementor-column-gap-default\">\n\t\t\t\t\t<div class=\"elementor-column elementor-col-100 elementor-top-column elementor-element elementor-element-6025a752\" data-id=\"6025a752\" data-element_type=\"column\">\n\t\t\t<div class=\"elementor-widget-wrap elementor-element-populated\">\n\t\t\t\t\t\t\t\t<div class=\"elementor-element elementor-element-6340874 elementor-widget elementor-widget-heading\" data-id=\"6340874\" data-element_type=\"widget\" data-widget_type=\"heading.default\">\n\t\t\t\t<div class=\"elementor-widget-container\">\n\t\t\t<style>\/*! elementor - v3.16.0 - 14-09-2023 *\/\n.elementor-heading-title{padding:0;margin:0;line-height:1}.elementor-widget-heading .elementor-heading-title[class*=elementor-size-]>a{color:inherit;font-size:inherit;line-height:inherit}.elementor-widget-heading .elementor-heading-title.elementor-size-small{font-size:15px}.elementor-widget-heading .elementor-heading-title.elementor-size-medium{font-size:19px}.elementor-widget-heading .elementor-heading-title.elementor-size-large{font-size:29px}.elementor-widget-heading .elementor-heading-title.elementor-size-xl{font-size:39px}.elementor-widget-heading .elementor-heading-title.elementor-size-xxl{font-size:59px}<\/style><h2 class=\"elementor-heading-title elementor-size-default\">Pol\u00edtica de Privacidad <\/h2>\t\t<\/div>\n\t\t\t\t<\/div>\n\t\t\t\t<div class=\"elementor-element elementor-element-4a3f523c elementor-widget elementor-widget-text-editor\" data-id=\"4a3f523c\" data-element_type=\"widget\" data-widget_type=\"text-editor.default\">\n\t\t\t\t<div class=\"elementor-widget-container\">\n\t\t\t<style>\/*! elementor - v3.16.0 - 14-09-2023 *\/\n.elementor-widget-text-editor.elementor-drop-cap-view-stacked .elementor-drop-cap{background-color:#69727d;color:#fff}.elementor-widget-text-editor.elementor-drop-cap-view-framed .elementor-drop-cap{color:#69727d;border:3px solid;background-color:transparent}.elementor-widget-text-editor:not(.elementor-drop-cap-view-default) .elementor-drop-cap{margin-top:8px}.elementor-widget-text-editor:not(.elementor-drop-cap-view-default) .elementor-drop-cap-letter{width:1em;height:1em}.elementor-widget-text-editor .elementor-drop-cap{float:left;text-align:center;line-height:1;font-size:50px}.elementor-widget-text-editor .elementor-drop-cap-letter{display:inline-block}<\/style>\t\t\t\t<p><!-- wp:heading --><\/p>\n<p>En cumplimiento de las obligaciones establecidas en la Ley Org\u00e1nica 3\/2018, de 5 de diciembre, de Protecci\u00f3n de Datos Personales y Garant\u00eda\u00a0 de los Derechos Digitales se le facilita la informaci\u00f3n relativa al tratamiento de sus datos personales:\u00a0<\/p>\n<p>\u00a0<\/p>\n<p><b>\u00bfQui\u00e9n es el responsable del tratamiento de tus datos?<\/b><\/p>\n<p>3S-Suministros y Servicios para la Siderurgia<\/p>\n<p>CIF: B956449372<\/p>\n<p>Domicilio: C\/ Juan de Ajuriaguerra, no2 1oizq 48009-Bilbao (Bizkaia) Spain.<\/p>\n<p><span style=\"font-family: var( --e-global-typography-primary-font-family ), Sans-serif; font-size: var( --e-global-typography-primary-font-size ); font-weight: var( --e-global-typography-primary-font-weight );\">Mail: info@3s-siderurgia.com<\/span><\/p>\n<p>Web: https:\/\/3s-siderurgia.com\u00a0<\/p>\n<p>Nos reservamos el derecho a modificar o adaptar la presente Pol\u00edtica de Privacidad en cualquier momento. Te recomendamos revisar la misma, y si te has registrado y accedes a tu cuenta o perfil, se te informar\u00e1 de las modificaciones.<\/p>\n<p>Si eres alguno de los siguientes colectivos, consulta la informaci\u00f3n:<\/p>\n<p>\u00a0<\/p>\n<p><b>+ CONTACTOS DE LA WEB O DEL CORREO ELECTR\u00d3NICO<\/b><\/p>\n<p><b>\u00bfQu\u00e9 datos recopilamos a trav\u00e9s de la Web?<\/b><\/p>\n<p>Podemos tratar tu IP, qu\u00e9 sistema operativo o navegador usas, e incluso la duraci\u00f3n de tu visita, de forma an\u00f3nima.<\/p>\n<p>Si nos facilitas datos en el formulario de contacto, te identificar\u00e1s para poder contactar contigo, en caso de que sea necesario.<\/p>\n<p><b>\u00bfCon que finalidades vamos a tratar sus datos personales?<\/b><\/p>\n<ul>\n<li aria-level=\"1\">Contestar a tus consultas, solicitudes o peticiones.<\/li>\n<li aria-level=\"1\">Gestionar el servicio solicitado, contestar tu solicitud, o tramitar tu petici\u00f3n.<\/li>\n<li aria-level=\"1\">Informaci\u00f3n por medios electr\u00f3nicos, que versen sobre tu solicitud.<\/li>\n<li aria-level=\"1\">Informaci\u00f3n comercial o de eventos por medios electr\u00f3nicos, siempre que exista autorizaci\u00f3n expresa.<\/li>\n<li aria-level=\"1\">Realizar an\u00e1lisis y mejoras en la Web, sobre nuestros productos y servicios.\u00a0 Mejorar nuestra estrategia comercial.<\/li>\n<\/ul>\n<div>\u00a0<\/div>\n<p><b>\u00bfCu\u00e1l es la legitimaci\u00f3n para el tratamiento de tus datos?<\/b><\/p>\n<p>La aceptaci\u00f3n y consentimiento del interesado: En aquellos casos donde para realizar una solicitud sea necesario cumplimentar un formulario y hacer un \u00abclick\u00bb en el bot\u00f3n de enviar, la realizaci\u00f3n del mismo implicar\u00e1 necesariamente que ha sido informado y ha otorgado expresamente su consentimiento al contenido de la cl\u00e1usula anexada a dicho formulario o aceptaci\u00f3n de la pol\u00edtica de privacidad.<\/p>\n<p>Todos nuestros formularios cuentan con el s\u00edmbolo * en los datos obligatorios. Si no facilitas esos campos, o no marcas el checkbox de aceptaci\u00f3n de la pol\u00edtica de privacidad, no se permitir\u00e1 el env\u00edo de la informaci\u00f3n. Normalmente tiene la siguiente f\u00f3rmula: \u201c\u25a1 Soy mayor de 14 y he le\u00eddo y acepto la Pol\u00edtica de privacidad.\u201d<\/p>\n<p>\u00a0<\/p>\n<p><b>+ CLIENTES<\/b><\/p>\n<p><b>\u00bfCon que finalidades vamos a tratar tus datos personales?<\/b><\/p>\n<ul>\n<li aria-level=\"1\">Elaboraci\u00f3n del presupuesto y seguimiento del mismo mediante comunicaciones entre ambas partes.<\/li>\n<li aria-level=\"1\">Informaci\u00f3n por medios electr\u00f3nicos, que versen sobre tu solicitud.<\/li>\n<li aria-level=\"1\">Informaci\u00f3n comercial o de eventos por medios electr\u00f3nicos, siempre que exista autorizaci\u00f3n expresa.<\/li>\n<li aria-level=\"1\">Gestionar los servicios administrativos, de comunicaciones y de log\u00edstica realizados por el Responsable.<\/li>\n<li aria-level=\"1\">Facturaci\u00f3n y declaraci\u00f3n de los impuestos oportunos..<\/li>\n<\/ul>\n<ul>\n<li aria-level=\"1\">Realizar las transacciones que correspondan.<\/li>\n<li aria-level=\"1\">Gestiones de control y recobro.<\/li>\n<\/ul>\n<p>\u00a0<\/p>\n<p><b>+ ENCUESTAS DE CALIDAD<\/b><\/p>\n<p><b>\u00bfCon que finalidades vamos a tratar tus datos personales?<\/b><\/p>\n<ul>\n<li aria-level=\"1\">Valorar el grado de calidad en el servicio dispensado<\/li>\n<li aria-level=\"1\">Mejorar los servicios ofrecidos, en virtud del cumplimiento de la ISO<\/li>\n<\/ul>\n<p><b>\u00bfCu\u00e1l es la legitimaci\u00f3n para el tratamiento de tus datos?<\/b><\/p>\n<p>La base legal es el consentimiento expreso del encuestado.<\/p>\n<p><b><br \/><\/b><b>+ PROVEEDORES<\/b><\/p>\n<p><b>\u00bfCon que finalidades vamos a tratar tus datos personales?<\/b><\/p>\n<ul>\n<li aria-level=\"1\">Informaci\u00f3n por medios electr\u00f3nicos, que versen sobre tu solicitud.<\/li>\n<li aria-level=\"1\">Informaci\u00f3n comercial o de eventos por medios electr\u00f3nicos, siempre que exista autorizaci\u00f3n expresa.<\/li>\n<li aria-level=\"1\">Gestionar los servicios administrativos, de comunicaciones y de log\u00edstica realizados por el Responsable.<\/li>\n<li aria-level=\"1\">Facturaci\u00f3n.<\/li>\n<\/ul>\n<ul>\n<li aria-level=\"1\">Realizar las transacciones que correspondan.<\/li>\n<li aria-level=\"1\">Facturaci\u00f3n y declaraci\u00f3n de los impuestos oportunos.<\/li>\n<li aria-level=\"1\">Gestiones de control y recobro.<\/li>\n<\/ul>\n<p>\u00a0<\/p>\n<p><b>\u00bfCu\u00e1l es la legitimaci\u00f3n para el tratamiento de tus datos?<\/b><\/p>\n<p>La base legal es la aceptaci\u00f3n de una relaci\u00f3n contractual, o en su defecto tu consentimiento al contactar con nosotros u ofrecernos sus productos por alguna v\u00eda.<\/p>\n<p><b><br \/><\/b><b>+ CONTACTOS REDES SOCIALES<\/b><\/p>\n<p><b>\u00bfCon que finalidades vamos a tratar tus datos personales?<\/b><\/p>\n<ul>\n<li aria-level=\"1\">Contestar a tus consultas, solicitudes\u00a0 o peticiones.<\/li>\n<li aria-level=\"1\">Gestionar el servicio solicitado, contestar tu solicitud, o tramitar tu petici\u00f3n.<\/li>\n<li aria-level=\"1\">Relacionarnos contigo y crear una comunidad de seguidores.<\/li>\n<\/ul>\n<p>\u00a0<\/p>\n<p><b>\u00bfCu\u00e1l es la legitimaci\u00f3n para el tratamiento de tus datos?<\/b><\/p>\n<p>La aceptaci\u00f3n de una relaci\u00f3n contractual en el entorno de la red social que corresponda, y conforme a sus pol\u00edticas de Privacidad:<\/p>\n<p>Facebook\u00a0<a href=\"http:\/\/www.facebook.com\/policy.php?ref=pf\" target=\"_blank\" rel=\"noopener\">http:\/\/www.facebook.com\/policy.php?ref=pf<\/a><\/p>\n<p>Instagram\u00a0<a href=\"https:\/\/help.instagram.com\/155833707900388\" target=\"_blank\" rel=\"noopener\">https:\/\/help.instagram.com\/155833707900388<\/a><\/p>\n<p>Twitter\u00a0 \u00a0\u00a0<a href=\"http:\/\/twitter.com\/privacy\" target=\"_blank\" rel=\"noopener\">http:\/\/twitter.com\/privacy<\/a><\/p>\n<p>Linkedin\u00a0<a href=\"http:\/\/www.linkedin.com\/legal\/privacy-policy?trk=hb_ft_priv\" target=\"_blank\" rel=\"noopener\">http:\/\/www.linkedin.com\/legal\/privacy-policy?trk=hb_ft_priv<\/a><\/p>\n<p>Pinterest\u00a0<a href=\"https:\/\/about.pinterest.com\/es\/privacy-policy\" target=\"_blank\" rel=\"noopener\">https:\/\/about.pinterest.com\/es\/privacy-policy<\/a><\/p>\n<p>Youtube\u00a0<a href=\"http:\/\/www.google.com\/intl\/es\/policies\/privacy\/\" target=\"_blank\" rel=\"noopener\">http:\/\/www.google.com\/intl\/es\/policies\/privacy\/<\/a><\/p>\n<p>\u00a0<\/p>\n<p><b>\u00bfDurante cu\u00e1nto tiempo vamos a mantener los datos personales?<\/b><\/p>\n<p>S\u00f3lo podemos consultar o dar de baja tus datos de forma restringida al tener un perfil espec\u00edfico. Los trataremos tanto tiempo como tu nos dejes sigui\u00e9ndonos, siendo amigos o d\u00e1ndole a \u201cme gusta\u201d, \u201cseguir\u201d o botones similares.<\/p>\n<p>Cualquier rectificaci\u00f3n de tus datos o restricci\u00f3n de informaci\u00f3n o de publicaciones debes realizarla a trav\u00e9s de la configuraci\u00f3n de tu perfil o usuario en la propia red social.<\/p>\n<p>\u00a0<\/p>\n<p><b>\u00bfRealizaremos comunicaciones por medios electr\u00f3nicos?<\/b><\/p>\n<ul>\n<li aria-level=\"1\">S\u00f3lo se realizar\u00e1n para gestionar tu solicitud, si es uno de los medios de contacto que nos ha facilitado.<\/li>\n<li aria-level=\"1\">Si realizamos comunicaciones comerciales habr\u00e1n sido previa y expresamente\u00a0 autorizadas por t\u00ed.<\/li>\n<\/ul>\n<p>\u00a0<\/p>\n<p><b>\u00bfQu\u00e9 medidas de seguridad aplicamos?<\/b><\/p>\n<p>Puedes estar tranquilo: Hemos adoptado un nivel \u00f3ptimo de protecci\u00f3n de los Datos Personales que manejamos, y hemos instalado todos los medios y medidas t\u00e9cnicas a nuestra disposici\u00f3n seg\u00fan el estado de la tecnolog\u00eda para evitar la p\u00e9rdida, mal uso, alteraci\u00f3n, acceso no autorizado y robo de los Datos Personales.<\/p>\n<p>\u00a0<\/p>\n<p><b>\u00bfA qu\u00e9 destinatarios se comunicar\u00e1n tus datos?<\/b><\/p>\n<p>Tus datos no se ceder\u00e1n a terceros, salvo obligaci\u00f3n legal. En concreto se comunicar\u00e1n a la Agencia Estatal de la Administraci\u00f3n Tributaria y a bancos y entidades financieras para el cobro del servicio prestado o producto adquirido Como a los encargados del tratamiento necesarios para la ejecuci\u00f3n del acuerdo.<\/p>\n<p>En caso de compra o pago, si eliges alguna aplicaci\u00f3n, web, plataforma, tarjeta bancaria, o alg\u00fan otro servicio online, tus datos se ceder\u00e1n a esa plataforma o se tratar\u00e1n en su entorno, siempre con la m\u00e1xima seguridad.<\/p>\n<p>Cuando se lo ordenemos, tendr\u00e1n acceso a nuestra web la empresa de desarrollo y mantenimiento web, o la de hosting. Las mismas tendr\u00e1n firmado un contrato de prestaci\u00f3n de servicios que les obliga a mantener el mismo nivel de privacidad que nosotros.<\/p>\n<h2>\u00a0<\/h2>\n<p><b>\u00bfQu\u00e9 Derechos tienes?<\/b><\/p>\n<ul>\n<li aria-level=\"1\">A saber si estamos tratando tus datos o no.<\/li>\n<li aria-level=\"1\">A acceder a tus datos personales.<\/li>\n<li aria-level=\"1\">A solicitar la rectificaci\u00f3n de tus datos si son inexactos.<\/li>\n<li aria-level=\"1\">A solicitar la supresi\u00f3n de tus datos si ya no son necesarios para los fines para los que fueron recogidos o si nos retiras el consentimiento otorgado.<\/li>\n<li aria-level=\"1\">A solicitar la limitaci\u00f3n del tratamiento de sus datos, en algunos supuestos, en cuyo caso s\u00f3lo los conservaremos de acuerdo con la normativa vigente.<\/li>\n<li aria-level=\"1\">A portar tus datos, que te ser\u00e1n facilitados en un formato estructurado, de uso com\u00fan o lectura mec\u00e1nica. Si lo prefieres, se los podemos enviar al nuevo responsable que nos designes. S\u00f3lo es v\u00e1lido en determinados supuestos.<\/li>\n<li aria-level=\"1\">A presentar una reclamaci\u00f3n ante la Agencia Espa\u00f1ola de Protecci\u00f3n de Datos o autoridad de control competente, si crees que no te hemos atendido correctamente.<\/li>\n<li aria-level=\"1\">A revocar el consentimiento para cualquier tratamiento para el que hayas consentido, en cualquier momento.<\/li>\n<\/ul>\n<p>Si modificas alg\u00fan dato, te agradecemos que nos lo comuniques para mantenerlos actualizados.<\/p>\n<h2>\u00a0<\/h2>\n<p><b>\u00bfQuieres un formulario para el ejercicio de Derechos?<\/b><\/p>\n<ul>\n<li aria-level=\"1\">Tenemos formularios para el ejercicio de tus derechos, p\u00eddenoslos por\u00a0 email o si lo prefieres, puedes usar los elaborados por la Agencia Espa\u00f1ola de Protecci\u00f3n de Datos o terceros.<\/li>\n<li aria-level=\"1\">Estos formularios deben ir firmados electr\u00f3nicamente o ser acompa\u00f1ados de fotocopia del DNI.<\/li>\n<li aria-level=\"1\">Si te representa alguien, debes adjuntarnos copia de su DNI, o que lo firme con su firma electr\u00f3nica.<\/li>\n<li aria-level=\"1\">Los formularios pueden ser presentados presencialmente, enviados por carta o por mail en la direcci\u00f3n del Responsable al inicio de este texto.<\/li>\n<\/ul>\n<h2>\u00a0<\/h2>\n<p><b>\u00bfCu\u00e1nto tardamos en contestarte al Ejercicio de Derechos?<\/b><\/p>\n<p>Depende del derecho, pero como m\u00e1ximo en un mes desde tu solicitud, y dos meses si el tema es muy complejo y te notificamos que necesitamos m\u00e1s tiempo.<\/p>\n<p><b>\u00bfTratamos cookies?<\/b><\/p>\n<p>Si usamos otro tipo de cookies que no sean las necesarias, podr\u00e1s consultar la pol\u00edtica de cookies en el enlace correspondiente desde el inicio de nuestra web.<\/p>\n<p><b>\u00bfDurante cu\u00e1nto tiempo vamos a mantener tus datos personales?<\/b><\/p>\n<ul>\n<li aria-level=\"1\">Los datos personales ser\u00e1n mantenidos mientras sigas vinculado con nosotros.<\/li>\n<li aria-level=\"1\">Una vez te desvincules, los datos personales tratados en cada finalidad se mantendr\u00e1n durante los plazos legalmente previstos, inclu\u00eddo el plazo en el que un juez o tribunal los pueda requerir atendiendo al plazo de prescripci\u00f3n de acciones judiciales.<\/li>\n<li aria-level=\"1\">Los datos tratados se mantendr\u00e1n en tanto no expiren los plazos legales aludidos anteriormente, si hubiera obligaci\u00f3n legal de mantenimiento, o de no existir ese plazo legal, hasta que el interesado solicite su supresi\u00f3n o revoque el consentimiento otorgado.<\/li>\n<li aria-level=\"1\">Mantendremos toda la informaci\u00f3n y comunicaciones relativas a tu compra o a la prestaci\u00f3n de nuestro servicio, mientras duren las garant\u00edas de los productos o servicios, para atender posibles reclamaciones.<\/li>\n<\/ul>\n<p><!-- \/wp:paragraph --><\/p>\t\t\t\t\t\t<\/div>\n\t\t\t\t<\/div>\n\t\t\t\t\t<\/div>\n\t\t<\/div>\n\t\t\t\t\t\t\t<\/div>\n\t\t<\/section>\n\t\t\t\t\t\t\t<\/div>","protected":false},"excerpt":{"rendered":"<p>Pol\u00edtica de Privacidad En cumplimiento de las obligaciones establecidas en la Ley Org\u00e1nica 3\/2018, de 5 de diciembre, de Protecci\u00f3n de Datos Personales y Garant\u00eda\u00a0 de los Derechos Digitales se le facilita la informaci\u00f3n relativa al tratamiento de sus datos personales:\u00a0 \u00a0 \u00bfQui\u00e9n es el responsable del tratamiento de tus datos? 3S-Suministros y Servicios para [&hellip;]<\/p>","protected":false},"author":1,"featured_media":0,"parent":0,"menu_order":0,"comment_status":"closed","ping_status":"open","template":"elementor_header_footer","meta":{"footnotes":""},"class_list":["post-3","page","type-page","status-publish","hentry"],"_links":{"self":[{"href":"https:\/\/3s-siderurgia.com\/en\/wp-json\/wp\/v2\/pages\/3","targetHints":{"allow":["GET"]}}],"collection":[{"href":"https:\/\/3s-siderurgia.com\/en\/wp-json\/wp\/v2\/pages"}],"about":[{"href":"https:\/\/3s-siderurgia.com\/en\/wp-json\/wp\/v2\/types\/page"}],"author":[{"embeddable":true,"href":"https:\/\/3s-siderurgia.com\/en\/wp-json\/wp\/v2\/users\/1"}],"replies":[{"embeddable":true,"href":"https:\/\/3s-siderurgia.com\/en\/wp-json\/wp\/v2\/comments?post=3"}],"version-history":[{"count":13,"href":"https:\/\/3s-siderurgia.com\/en\/wp-json\/wp\/v2\/pages\/3\/revisions"}],"predecessor-version":[{"id":951,"href":"https:\/\/3s-siderurgia.com\/en\/wp-json\/wp\/v2\/pages\/3\/revisions\/951"}],"wp:attachment":[{"href":"https:\/\/3s-siderurgia.com\/en\/wp-json\/wp\/v2\/media?parent=3"}],"curies":[{"name":"wp","href":"https:\/\/api.w.org\/{rel}","templated":true}]}}